{"id":1297,"date":"2021-12-22T19:47:17","date_gmt":"2021-12-22T18:47:17","guid":{"rendered":"https:\/\/newdatalabs.com\/en\/?page_id=1297"},"modified":"2024-04-15T19:35:39","modified_gmt":"2024-04-15T17:35:39","slug":"migration-services","status":"publish","type":"page","link":"https:\/\/newdatalabs.com\/en\/migration-services\/","title":{"rendered":"Migration services"},"content":{"rendered":"\n<section class=\"migracja_1\">\n<div class=\"wrap_in\">  \n<h1><span>Business Intelligence system migration services<\/span><\/h1> \n<div class=\"first two-thirds\"> \n<ul>\n<li>Has your organization made the decision to <strong>change its Business Intelligence system<\/strong>? \n<\/li><li>Want to <strong>migrate your reporting platform<\/strong> to another Business Intelligence system in a controlled manner? \n<\/li><li>Considering <strong>migrating your data from traditional business analytics tools<\/strong> to Tableau or Power BI? \n<\/li><li>Planning and executing a migration plan seems difficult to you or you have never done it before? \n<\/li><li>Different departments in your company use different BI tools, and you <strong>need to consolidate your systems<\/strong> into one solution? \n<\/li><li>Take advantage of BI systems migration services. <strong>Move your data from the source system to the database of your chosen BI tool<\/strong>. \n<\/li><li><strong>Customize the most optimal migration path from Tableau to Power BI or from Power BI to Tableau.<\/strong><\/li> \n<\/ul> \n<a class=\"migracja-button1\" href=\"https:\/\/newdatalabs.com\/en\/migration-services\/#contact\">Contact us &gt;<\/a> \n<\/div>\n<\/div><\/section> \n<section id=\"migration-process\" class=\"migracja_2\">\n<div class=\"wrap_in\"> \n<h2 class=\"migracja_title\"><span class=\"bold_title_\">Looking to migrate data and reports from Power BI to Tableau or vice versa, see how we can help:<\/span><\/h2> \n<div style=\"width: 100%; overflow: hidden;\"> \n<div class=\"first one-fourth col_1m\">\n<strong>Support in the process<\/strong> of selecting an appropriate reporting environment\n<\/div> \n<div class=\"one-fourth col_2m\"> \n<strong>Estimation of the scope of migration<\/strong> (verified full list of objects to be migrated)\n\n<\/div>\n<div class=\"one-fourth col_3m\">\n<strong>Identification<\/strong> of potential deficiencies and risks\n<\/div> \n<div class=\"one-fourth col_4m\"> \n<strong>Responsibility<\/strong> for categories of migrated data, supervision and coordination of work\n<\/div>\n<div class=\"first one-fourth col_5m\">\n<strong>Short migration time <\/strong> by applying good work practices with data\n<\/div> \n<div class=\"one-fourth col_6m\"> \n<strong>Post-migration data checking<\/strong> to detect possible irregularities and their ongoing correction\n\n<\/div>\n<div class=\"one-fourth col_7m\">\n<strong>Full support<\/strong> for various migration projects. The migration process will take place in a controlled and secure manner\n\n<\/div> \n<div class=\"one-fourth col_8m\"> \n<strong>Expert assistance<\/strong> that will allow you to complete the tasks without unnecessary risk of data loss or mistakes,\n<\/div>\n<\/div> \n<div style=\"text-align: center;\">\nProposal of the optimal reporting development path, taking into account the best BI solutions currently available. <br><br>\n<a class=\"migracja-button1\" href=\"https:\/\/newdatalabs.com\/en\/migration-services\/#contact\">Ask us for support<\/a>\n<\/div>\n<\/div> \n<\/section> \n\n<section id=\"\" class=\"migracja_3_2\">\n<div class=\"wrap_in\"> \n<h2 class=\"migracja_title\"><span class=\"bold_title_\">Migration of Business Intelligence systems &#8211; advantages<\/span><\/h2> \n<div class=\"one-five_migracja\">\n<img decoding=\"async\" data-src=\"https:\/\/newdatalabs.com\/en\/wp-content\/uploads\/2021\/12\/ic1.png\" src=\"data:image\/svg+xml;base64,PHN2ZyB3aWR0aD0iMSIgaGVpZ2h0PSIxIiB4bWxucz0iaHR0cDovL3d3dy53My5vcmcvMjAwMC9zdmciPjwvc3ZnPg==\" class=\"lazyload\" style=\"--smush-placeholder-width: 61px; --smush-placeholder-aspect-ratio: 61\/57;\"><br>\n<strong>Fast and efficient data migration<\/strong> will give them the ability to maintain continuity of work and current tasks.\n<\/div>\n<div class=\"one-five_migracja\">\n<img decoding=\"async\" data-src=\"https:\/\/newdatalabs.com\/en\/wp-content\/uploads\/2021\/12\/ic3.png\" src=\"data:image\/svg+xml;base64,PHN2ZyB3aWR0aD0iMSIgaGVpZ2h0PSIxIiB4bWxucz0iaHR0cDovL3d3dy53My5vcmcvMjAwMC9zdmciPjwvc3ZnPg==\" class=\"lazyload\" style=\"--smush-placeholder-width: 61px; --smush-placeholder-aspect-ratio: 61\/57;\"><br>\n<strong>Obtain a single, high-quality system<\/strong> that combines data from different sources. \nz r\u00f3\u017cnych \u017ar\u00f3de\u0142.\n<\/div>\n<div class=\"one-five_migracja\">\n<img decoding=\"async\" data-src=\"https:\/\/newdatalabs.com\/en\/wp-content\/uploads\/2021\/12\/ic4.png\" src=\"data:image\/svg+xml;base64,PHN2ZyB3aWR0aD0iMSIgaGVpZ2h0PSIxIiB4bWxucz0iaHR0cDovL3d3dy53My5vcmcvMjAwMC9zdmciPjwvc3ZnPg==\" class=\"lazyload\" style=\"--smush-placeholder-width: 61px; --smush-placeholder-aspect-ratio: 61\/57;\"><br>\n<strong>Ability to use the latest system functionality.<\/strong> \n<\/div>\n<div class=\"one-five_migracja\">\n<img decoding=\"async\" data-src=\"https:\/\/newdatalabs.com\/en\/wp-content\/uploads\/2021\/12\/ic2.png\" src=\"data:image\/svg+xml;base64,PHN2ZyB3aWR0aD0iMSIgaGVpZ2h0PSIxIiB4bWxucz0iaHR0cDovL3d3dy53My5vcmcvMjAwMC9zdmciPjwvc3ZnPg==\" class=\"lazyload\" style=\"--smush-placeholder-width: 61px; --smush-placeholder-aspect-ratio: 61\/57;\"><br>\n<strong>Easier management <\/strong>of enterprise data. \n<\/div>\n<div class=\"one-five_migracja\">\n<img decoding=\"async\" data-src=\"https:\/\/newdatalabs.com\/en\/wp-content\/uploads\/2021\/12\/ic1.png\" src=\"data:image\/svg+xml;base64,PHN2ZyB3aWR0aD0iMSIgaGVpZ2h0PSIxIiB4bWxucz0iaHR0cDovL3d3dy53My5vcmcvMjAwMC9zdmciPjwvc3ZnPg==\" class=\"lazyload\" style=\"--smush-placeholder-width: 61px; --smush-placeholder-aspect-ratio: 61\/57;\"><br>\n<strong>Ability to generate reliable reports<\/strong> based on data from a single system.\n<\/div>\n<br>\n<div style=\"width: 100%; overflow: hidden; padding: 15px 0; text-align: center;\"> \n<a class=\"migracja-button1\" href=\"https:\/\/newdatalabs.com\/en\/migration-services\/#contact\">Contact us &gt;<\/a>\n<\/div> \n<\/div> \n<\/section> \n<section id=\"migration-more\" class=\"migracja_3\">\n<div class=\"wrap_in\"> \n<h2 class=\"migracja_title\"><span class=\"bold_title_\">Why should you work with us on your migration projects?<\/span><\/h2> \n<div class=\"inner_migracja_3\"> \n\t1. Work with <strong>Tableau and Power BI<\/strong> services. <br>\n    2. Leverage our <strong>extensive experience in designing and delivering exceptional<\/strong> BI &amp; Analytics solutions. <br>\n    3. Take advantage of our comprehensive services that include <strong>training, licensing, integration of other systems, support and more<\/strong>.<br>\n    4. Make work easier for your employees. <strong>We are the ones taking responsibility for migration<\/strong>.<br>\n    5. Post-migration, take advantage of help with advanced analytics implementations, <strong>including consulting, training and support<\/strong>.\n<br><br>\n<\/div>  \n<a class=\"migracja-button1\" href=\"https:\/\/newdatalabs.com\/en\/migration-services\/#contact\">Make an appointment <\/a> \n<\/div> \n<\/section> \n\n<section id=\"migration-details\" class=\"migracja_4\">\n<div class=\"wrap_in\"> \n<h2 class=\"migracja_title\"><span class=\"bold_title_\">Why do companies choose to migrate? <\/span><\/h2> Migration between Business Intelligence systems simply means moving data and reports from your existing business analytics environment to a new one. However, as with any change there are problems such as: \n<ul>\n<li>Difficult possibility <strong>to implement new, needed functionalities in old technology<\/strong>. \n<\/li><li>Lack of access to system technical documentation or <strong>poor data quality<\/strong>, resulting in high maintenance cost. \n<\/li><li><strong>Limited availability of old technology specialists<\/strong> or high cost of hiring them. \n<\/li><li><strong>Difficulty in integrating old systems with new software.<\/strong><\/li>\n<\/ul>\n<a class=\"migracja-button1\" href=\"https:\/\/newdatalabs.com\/en\/migration-services\/#contact\">See how we can help you<\/a> \n<\/div><\/section> \n<section id=\"contact\" class=\"migracja_5\">\n<div class=\"wrap_in\"> \n<h2 class=\"migracja_title\">Contact with us<\/h2> \n<div class=\"first one-half kontakt_tableau-new\">\n<a href=\"https:\/\/newdatalabs.com\/en\/\" target=\"_blank\" rel=\"noopener noreferrer\"><img decoding=\"async\" data-src=\"https:\/\/newdatalabs.com\/en\/wp-content\/uploads\/2023\/12\/logo_Newdatalabs_en.svg\" alt=\"logo Newdatalabs\" src=\"data:image\/svg+xml;base64,PHN2ZyB3aWR0aD0iMSIgaGVpZ2h0PSIxIiB4bWxucz0iaHR0cDovL3d3dy53My5vcmcvMjAwMC9zdmciPjwvc3ZnPg==\" class=\"lazyload\"><\/a><br><br>\n<div class=\"kontakt\"> <img decoding=\"async\" data-src=\"https:\/\/newdatalabs.com\/en\/wp-content\/uploads\/2021\/10\/contact_icon3-6.png\" alt=\"email\" src=\"data:image\/svg+xml;base64,PHN2ZyB3aWR0aD0iMSIgaGVpZ2h0PSIxIiB4bWxucz0iaHR0cDovL3d3dy53My5vcmcvMjAwMC9zdmciPjwvc3ZnPg==\" class=\"lazyload\" style=\"--smush-placeholder-width: 31px; --smush-placeholder-aspect-ratio: 31\/31;\"> <a href=\"mailto:contact@newdatalabs.com\">contact@newdatalabs.com<\/a><\/div>\n<div class=\"kontakt starting9-kontakt2\"> <img decoding=\"async\" data-src=\"https:\/\/newdatalabs.com\/en\/wp-content\/uploads\/2021\/10\/contact_icon2-6.png&quot;\" alt=\"telefon\" src=\"data:image\/svg+xml;base64,PHN2ZyB3aWR0aD0iMSIgaGVpZ2h0PSIxIiB4bWxucz0iaHR0cDovL3d3dy53My5vcmcvMjAwMC9zdmciPjwvc3ZnPg==\" class=\"lazyload\" style=\"--smush-placeholder-width: 31px; --smush-placeholder-aspect-ratio: 31\/31;\"> <a style=\"font-weight: 300; color: inherit; text-decoration: none;\" href=\"tel:+48 781648194\">781 648 194<\/a><\/div>\n<br class=\"tableau-new_br\"><br class=\"tableau-new_br\"> \n<a href=\"https:\/\/twitter.com\/newdatalabs\" target=\"_blank\" rel=\"noopener noreferrer\"><img decoding=\"async\" style=\"--smush-placeholder-width: 26px; --smush-placeholder-aspect-ratio: 26\/26;padding-right: 7px;\" data-src=\"https:\/\/newdatalabs.com\/en\/wp-content\/uploads\/2021\/10\/a-2.png\" alt=\"twitter Ndls\" src=\"data:image\/svg+xml;base64,PHN2ZyB3aWR0aD0iMSIgaGVpZ2h0PSIxIiB4bWxucz0iaHR0cDovL3d3dy53My5vcmcvMjAwMC9zdmciPjwvc3ZnPg==\" class=\"lazyload\"><\/a> <a href=\"https:\/\/pl-pl.facebook.com\/pg\/NewDataLabS\/posts\" target=\"_blank\" rel=\"noopener noreferrer\"><img decoding=\"async\" style=\"--smush-placeholder-width: 26px; --smush-placeholder-aspect-ratio: 26\/26;padding-right: 7px;\" data-src=\"https:\/\/newdatalabs.com\/en\/wp-content\/uploads\/2021\/10\/b-2.png\" alt=\"facebook Ndls\" src=\"data:image\/svg+xml;base64,PHN2ZyB3aWR0aD0iMSIgaGVpZ2h0PSIxIiB4bWxucz0iaHR0cDovL3d3dy53My5vcmcvMjAwMC9zdmciPjwvc3ZnPg==\" class=\"lazyload\"><\/a> <a href=\"https:\/\/www.youtube.com\/channel\/UCttQFNPfT1QdZA4MBPIbJmQ\" target=\"_blank\" rel=\"noopener noreferrer\"><img decoding=\"async\" style=\"--smush-placeholder-width: 26px; --smush-placeholder-aspect-ratio: 26\/26;padding-right: 7px;\" data-src=\"https:\/\/newdatalabs.com\/en\/wp-content\/uploads\/2021\/10\/c-3.png\" alt=\"youtube Ndls\" src=\"data:image\/svg+xml;base64,PHN2ZyB3aWR0aD0iMSIgaGVpZ2h0PSIxIiB4bWxucz0iaHR0cDovL3d3dy53My5vcmcvMjAwMC9zdmciPjwvc3ZnPg==\" class=\"lazyload\"><\/a> <a href=\"https:\/\/www.linkedin.com\/company\/newdatalabs\" target=\"_blank\" rel=\"noopener noreferrer\"><img decoding=\"async\" style=\"--smush-placeholder-width: 26px; --smush-placeholder-aspect-ratio: 26\/26;padding-right: 7px;\" data-src=\"https:\/\/newdatalabs.com\/en\/wp-content\/uploads\/2021\/10\/d-2.png\" alt=\"linkedin Ndls\" src=\"data:image\/svg+xml;base64,PHN2ZyB3aWR0aD0iMSIgaGVpZ2h0PSIxIiB4bWxucz0iaHR0cDovL3d3dy53My5vcmcvMjAwMC9zdmciPjwvc3ZnPg==\" class=\"lazyload\"><\/a> <a href=\"https:\/\/www.instagram.com\/newdatalabs\/\" target=\"_blank\" rel=\"noopener noreferrer\"><img decoding=\"async\" data-src=\"https:\/\/newdatalabs.com\/en\/wp-content\/uploads\/2021\/10\/e-4.png\" alt=\"instagram Ndls\" src=\"data:image\/svg+xml;base64,PHN2ZyB3aWR0aD0iMSIgaGVpZ2h0PSIxIiB4bWxucz0iaHR0cDovL3d3dy53My5vcmcvMjAwMC9zdmciPjwvc3ZnPg==\" class=\"lazyload\" style=\"--smush-placeholder-width: 26px; --smush-placeholder-aspect-ratio: 26\/26;\"><\/a>\n<\/div>\n<div class=\"one-half tableau-new_kontakt_form\">\n<iframe data-src=\"https:\/\/go.newdatalabs.com\/l\/1024551\/2024-03-27\/q5pf\" width=\"100%\" height=\"725\" type=\"text\/html\" frameborder=\"0\" allowtransparency=\"true\" style=\"border: 0\" src=\"data:image\/svg+xml;base64,PHN2ZyB3aWR0aD0iMSIgaGVpZ2h0PSIxIiB4bWxucz0iaHR0cDovL3d3dy53My5vcmcvMjAwMC9zdmciPjwvc3ZnPg==\" class=\"lazyload\" data-load-mode=\"1\"><\/iframe> <\/div>\n<\/div>\n<\/section>\n","protected":false},"excerpt":{"rendered":"<p>Business Intelligence system migration services Has your organization made the decision to change its Business Intelligence system? Want to migrate your reporting platform to another Business Intelligence system in a controlled manner? Considering migrating your data from traditional business analytics tools to Tableau or Power BI? Planning and executing a migration plan seems difficult to [&hellip;]<\/p>\n","protected":false},"author":1,"featured_media":0,"parent":0,"menu_order":0,"comment_status":"closed","ping_status":"closed","template":"","meta":{"inline_featured_image":false,"_genesis_hide_title":false,"_genesis_hide_breadcrumbs":false,"_genesis_hide_singular_image":false,"_genesis_hide_footer_widgets":false,"_genesis_custom_body_class":"","_genesis_custom_post_class":"","_genesis_layout":"","footnotes":""},"class_list":{"0":"post-1297","1":"page","2":"type-page","3":"status-publish","5":"entry"},"yoast_head":"<!-- This site is optimized with the Yoast SEO plugin v26.8 - https:\/\/yoast.com\/product\/yoast-seo-wordpress\/ -->\n<title>Migration services - Business Intelligence | NewDataLabS<\/title>\n<meta name=\"description\" content=\"Take advantage of BI systems migration services. Move your data from the source system to the database of your chosen BI tool.\" \/>\n<meta name=\"robots\" content=\"index, follow, max-snippet:-1, max-image-preview:large, max-video-preview:-1\" \/>\n<link rel=\"canonical\" href=\"https:\/\/newdatalabs.com\/en\/migration-services\/\" \/>\n<meta property=\"og:locale\" content=\"en_US\" \/>\n<meta property=\"og:type\" content=\"article\" \/>\n<meta property=\"og:title\" content=\"Migration services - Business Intelligence | NewDataLabS\" \/>\n<meta property=\"og:description\" content=\"Take advantage of BI systems migration services. Move your data from the source system to the database of your chosen BI tool.\" \/>\n<meta property=\"og:url\" content=\"https:\/\/newdatalabs.com\/en\/migration-services\/\" \/>\n<meta property=\"og:site_name\" content=\"NewDataLabs\" \/>\n<meta property=\"article:modified_time\" content=\"2024-04-15T17:35:39+00:00\" \/>\n<meta property=\"og:image\" content=\"https:\/\/newdatalabs.com\/en\/wp-content\/uploads\/2021\/12\/ic1.png\" \/>\n<meta name=\"twitter:card\" content=\"summary_large_image\" \/>\n<meta name=\"twitter:label1\" content=\"Est. reading time\" \/>\n\t<meta name=\"twitter:data1\" content=\"5 minutes\" \/>\n<script type=\"application\/ld+json\" class=\"yoast-schema-graph\">{\"@context\":\"https:\/\/schema.org\",\"@graph\":[{\"@type\":\"WebPage\",\"@id\":\"https:\/\/newdatalabs.com\/en\/migration-services\/\",\"url\":\"https:\/\/newdatalabs.com\/en\/migration-services\/\",\"name\":\"Migration services - Business Intelligence | NewDataLabS\",\"isPartOf\":{\"@id\":\"https:\/\/newdatalabs.com\/en\/#website\"},\"primaryImageOfPage\":{\"@id\":\"https:\/\/newdatalabs.com\/en\/migration-services\/#primaryimage\"},\"image\":{\"@id\":\"https:\/\/newdatalabs.com\/en\/migration-services\/#primaryimage\"},\"thumbnailUrl\":\"https:\/\/newdatalabs.com\/en\/wp-content\/uploads\/2021\/12\/ic1.png\",\"datePublished\":\"2021-12-22T18:47:17+00:00\",\"dateModified\":\"2024-04-15T17:35:39+00:00\",\"description\":\"Take advantage of BI systems migration services. Move your data from the source system to the database of your chosen BI tool.\",\"breadcrumb\":{\"@id\":\"https:\/\/newdatalabs.com\/en\/migration-services\/#breadcrumb\"},\"inLanguage\":\"en-US\",\"potentialAction\":[{\"@type\":\"ReadAction\",\"target\":[\"https:\/\/newdatalabs.com\/en\/migration-services\/\"]}]},{\"@type\":\"ImageObject\",\"inLanguage\":\"en-US\",\"@id\":\"https:\/\/newdatalabs.com\/en\/migration-services\/#primaryimage\",\"url\":\"https:\/\/newdatalabs.com\/en\/wp-content\/uploads\/2021\/12\/ic1.png\",\"contentUrl\":\"https:\/\/newdatalabs.com\/en\/wp-content\/uploads\/2021\/12\/ic1.png\"},{\"@type\":\"BreadcrumbList\",\"@id\":\"https:\/\/newdatalabs.com\/en\/migration-services\/#breadcrumb\",\"itemListElement\":[{\"@type\":\"ListItem\",\"position\":1,\"name\":\"Strona g\u0142\u00f3wna\",\"item\":\"https:\/\/newdatalabs.com\/en\/\"},{\"@type\":\"ListItem\",\"position\":2,\"name\":\"Migration services\"}]},{\"@type\":\"WebSite\",\"@id\":\"https:\/\/newdatalabs.com\/en\/#website\",\"url\":\"https:\/\/newdatalabs.com\/en\/\",\"name\":\"NewDataLabs\",\"description\":\"Tableau - Business Intelligence Tools\",\"potentialAction\":[{\"@type\":\"SearchAction\",\"target\":{\"@type\":\"EntryPoint\",\"urlTemplate\":\"https:\/\/newdatalabs.com\/en\/?s={search_term_string}\"},\"query-input\":{\"@type\":\"PropertyValueSpecification\",\"valueRequired\":true,\"valueName\":\"search_term_string\"}}],\"inLanguage\":\"en-US\"}]}<\/script>\n<!-- \/ Yoast SEO plugin. -->","yoast_head_json":{"title":"Migration services - Business Intelligence | NewDataLabS","description":"Take advantage of BI systems migration services. Move your data from the source system to the database of your chosen BI tool.","robots":{"index":"index","follow":"follow","max-snippet":"max-snippet:-1","max-image-preview":"max-image-preview:large","max-video-preview":"max-video-preview:-1"},"canonical":"https:\/\/newdatalabs.com\/en\/migration-services\/","og_locale":"en_US","og_type":"article","og_title":"Migration services - Business Intelligence | NewDataLabS","og_description":"Take advantage of BI systems migration services. Move your data from the source system to the database of your chosen BI tool.","og_url":"https:\/\/newdatalabs.com\/en\/migration-services\/","og_site_name":"NewDataLabs","article_modified_time":"2024-04-15T17:35:39+00:00","og_image":[{"url":"https:\/\/newdatalabs.com\/en\/wp-content\/uploads\/2021\/12\/ic1.png","type":"","width":"","height":""}],"twitter_card":"summary_large_image","twitter_misc":{"Est. reading time":"5 minutes"},"schema":{"@context":"https:\/\/schema.org","@graph":[{"@type":"WebPage","@id":"https:\/\/newdatalabs.com\/en\/migration-services\/","url":"https:\/\/newdatalabs.com\/en\/migration-services\/","name":"Migration services - Business Intelligence | NewDataLabS","isPartOf":{"@id":"https:\/\/newdatalabs.com\/en\/#website"},"primaryImageOfPage":{"@id":"https:\/\/newdatalabs.com\/en\/migration-services\/#primaryimage"},"image":{"@id":"https:\/\/newdatalabs.com\/en\/migration-services\/#primaryimage"},"thumbnailUrl":"https:\/\/newdatalabs.com\/en\/wp-content\/uploads\/2021\/12\/ic1.png","datePublished":"2021-12-22T18:47:17+00:00","dateModified":"2024-04-15T17:35:39+00:00","description":"Take advantage of BI systems migration services. Move your data from the source system to the database of your chosen BI tool.","breadcrumb":{"@id":"https:\/\/newdatalabs.com\/en\/migration-services\/#breadcrumb"},"inLanguage":"en-US","potentialAction":[{"@type":"ReadAction","target":["https:\/\/newdatalabs.com\/en\/migration-services\/"]}]},{"@type":"ImageObject","inLanguage":"en-US","@id":"https:\/\/newdatalabs.com\/en\/migration-services\/#primaryimage","url":"https:\/\/newdatalabs.com\/en\/wp-content\/uploads\/2021\/12\/ic1.png","contentUrl":"https:\/\/newdatalabs.com\/en\/wp-content\/uploads\/2021\/12\/ic1.png"},{"@type":"BreadcrumbList","@id":"https:\/\/newdatalabs.com\/en\/migration-services\/#breadcrumb","itemListElement":[{"@type":"ListItem","position":1,"name":"Strona g\u0142\u00f3wna","item":"https:\/\/newdatalabs.com\/en\/"},{"@type":"ListItem","position":2,"name":"Migration services"}]},{"@type":"WebSite","@id":"https:\/\/newdatalabs.com\/en\/#website","url":"https:\/\/newdatalabs.com\/en\/","name":"NewDataLabs","description":"Tableau - Business Intelligence Tools","potentialAction":[{"@type":"SearchAction","target":{"@type":"EntryPoint","urlTemplate":"https:\/\/newdatalabs.com\/en\/?s={search_term_string}"},"query-input":{"@type":"PropertyValueSpecification","valueRequired":true,"valueName":"search_term_string"}}],"inLanguage":"en-US"}]}},"_links":{"self":[{"href":"https:\/\/newdatalabs.com\/en\/wp-json\/wp\/v2\/pages\/1297","targetHints":{"allow":["GET"]}}],"collection":[{"href":"https:\/\/newdatalabs.com\/en\/wp-json\/wp\/v2\/pages"}],"about":[{"href":"https:\/\/newdatalabs.com\/en\/wp-json\/wp\/v2\/types\/page"}],"author":[{"embeddable":true,"href":"https:\/\/newdatalabs.com\/en\/wp-json\/wp\/v2\/users\/1"}],"replies":[{"embeddable":true,"href":"https:\/\/newdatalabs.com\/en\/wp-json\/wp\/v2\/comments?post=1297"}],"version-history":[{"count":7,"href":"https:\/\/newdatalabs.com\/en\/wp-json\/wp\/v2\/pages\/1297\/revisions"}],"predecessor-version":[{"id":3350,"href":"https:\/\/newdatalabs.com\/en\/wp-json\/wp\/v2\/pages\/1297\/revisions\/3350"}],"wp:attachment":[{"href":"https:\/\/newdatalabs.com\/en\/wp-json\/wp\/v2\/media?parent=1297"}],"curies":[{"name":"wp","href":"https:\/\/api.w.org\/{rel}","templated":true}]}}