{"id":153,"date":"2019-08-31T09:57:27","date_gmt":"2019-08-31T07:57:27","guid":{"rendered":"https:\/\/newdatalabs.com\/en\/?page_id=153"},"modified":"2025-12-09T19:28:52","modified_gmt":"2025-12-09T18:28:52","slug":"contact-with-us","status":"publish","type":"page","link":"https:\/\/newdatalabs.com\/en\/contact-with-us\/","title":{"rendered":"Contact with us"},"content":{"rendered":"\n<div class=\"first one-half kontakt_half\">\n<div class=\"kontakt\"><strong>NDLS Sp. z o.o.<\/strong>\n<p>Al. Tadeusza Boya-\u017bele\u0144skiego 28\/4,<br>51-160 Wroc\u0142aw<\/p>\n<p>NIP: 8952052528<br>REGON: 362492669<br>KRS: 0000575114<\/p>\n<p>Share capital of PLN 100,000, fully paid up. <\/p>\n<div class=\"kontakt\"><img decoding=\"async\" data-src=\"https:\/\/newdatalabs.com\/wp-content\/uploads\/2015\/09\/contact_icon3.png\" alt=\"email\" src=\"data:image\/svg+xml;base64,PHN2ZyB3aWR0aD0iMSIgaGVpZ2h0PSIxIiB4bWxucz0iaHR0cDovL3d3dy53My5vcmcvMjAwMC9zdmciPjwvc3ZnPg==\" class=\"lazyload\">kontakt@ndls.pl<br>contact@newdatalabs.com<\/div>\n<div class=\"kontakt\"><img decoding=\"async\" data-src=\"https:\/\/newdatalabs.com\/wp-content\/uploads\/2015\/09\/contact_icon2.png\" alt=\"telefon\" src=\"data:image\/svg+xml;base64,PHN2ZyB3aWR0aD0iMSIgaGVpZ2h0PSIxIiB4bWxucz0iaHR0cDovL3d3dy53My5vcmcvMjAwMC9zdmciPjwvc3ZnPg==\" class=\"lazyload\"><a style=\"font-weight: 300; color: inherit; text-decoration: none;\" href=\"tel:+48 601797783\">601 79 77 83<\/a><\/div>\n<div class=\"kontakt\" style=\"padding-bottom: 20px;\"><img decoding=\"async\" data-src=\"https:\/\/newdatalabs.com\/wp-content\/uploads\/2015\/09\/contact_icon1.png\" alt=\"adres biura\" src=\"data:image\/svg+xml;base64,PHN2ZyB3aWR0aD0iMSIgaGVpZ2h0PSIxIiB4bWxucz0iaHR0cDovL3d3dy53My5vcmcvMjAwMC9zdmciPjwvc3ZnPg==\" class=\"lazyload\"><strong>Correspondence address: <\/strong><br>al. T. Boy&#8217;a &#8211; \u017bele\u0144skiego 26,<br>51-160 Wroc\u0142aw<\/div>\n<figure><a href=\"https:\/\/pl-pl.facebook.com\/new.datalabs\/about\" target=\"_blank\" rel=\"noopener noreferrer\"><img decoding=\"async\" style=\"padding-right: 7px;\" data-src=\"https:\/\/newdatalabs.com\/wp-content\/uploads\/2016\/11\/facebook.png\" alt=\"facebook ndls\" src=\"data:image\/svg+xml;base64,PHN2ZyB3aWR0aD0iMSIgaGVpZ2h0PSIxIiB4bWxucz0iaHR0cDovL3d3dy53My5vcmcvMjAwMC9zdmciPjwvc3ZnPg==\" class=\"lazyload\"><\/a><\/figure><figure><a href=\"https:\/\/www.youtube.com\/channel\/UCttQFNPfT1QdZA4MBPIbJmQ\" target=\"_blank\" rel=\"noopener noreferrer\"><img decoding=\"async\" style=\"padding-right: 7px;\" data-src=\"https:\/\/newdatalabs.com\/wp-content\/uploads\/2016\/11\/youtube.png\" alt=\"youtube\" src=\"data:image\/svg+xml;base64,PHN2ZyB3aWR0aD0iMSIgaGVpZ2h0PSIxIiB4bWxucz0iaHR0cDovL3d3dy53My5vcmcvMjAwMC9zdmciPjwvc3ZnPg==\" class=\"lazyload\"><\/a><\/figure><figure><a href=\"https:\/\/www.linkedin.com\/company\/newdatalabs\" target=\"_blank\" rel=\"noopener noreferrer\"><img decoding=\"async\" style=\"padding-right: 7px;\" data-src=\"https:\/\/newdatalabs.com\/wp-content\/uploads\/2016\/11\/linked.png\" alt=\"linkedin\" src=\"data:image\/svg+xml;base64,PHN2ZyB3aWR0aD0iMSIgaGVpZ2h0PSIxIiB4bWxucz0iaHR0cDovL3d3dy53My5vcmcvMjAwMC9zdmciPjwvc3ZnPg==\" class=\"lazyload\"><\/a><\/figure><p>    <\/p>\n<\/div>\n<\/div>\n\n\n\n<div class=\"kontakt2 one-half kontakt_half2\"> \n<iframe data-src=\"https:\/\/go.newdatalabs.com\/l\/1024551\/2024-03-27\/q5pf\" width=\"100%\" height=\"715\" type=\"text\/html\" frameborder=\"0\" allowtransparency=\"true\" style=\"border: 0\" src=\"data:image\/svg+xml;base64,PHN2ZyB3aWR0aD0iMSIgaGVpZ2h0PSIxIiB4bWxucz0iaHR0cDovL3d3dy53My5vcmcvMjAwMC9zdmciPjwvc3ZnPg==\" class=\"lazyload\" data-load-mode=\"1\"><\/iframe>\n\n<\/div>\n\n\n\n<p><\/p>\n","protected":false},"excerpt":{"rendered":"<p>NDLS Sp. z o.o. Al. Tadeusza Boya-\u017bele\u0144skiego 28\/4,51-160 Wroc\u0142aw NIP: 8952052528REGON: 362492669KRS: 0000575114 Share capital of PLN 100,000, fully paid up. kontakt@ndls.plcontact@newdatalabs.com 601 79 77 83 Correspondence address: al. T. Boy&#8217;a &#8211; \u017bele\u0144skiego 26,51-160 Wroc\u0142aw<\/p>\n","protected":false},"author":1,"featured_media":0,"parent":0,"menu_order":0,"comment_status":"closed","ping_status":"closed","template":"","meta":{"inline_featured_image":false,"_genesis_hide_title":false,"_genesis_hide_breadcrumbs":false,"_genesis_hide_singular_image":false,"_genesis_hide_footer_widgets":false,"_genesis_custom_body_class":"","_genesis_custom_post_class":"","_genesis_layout":"","footnotes":""},"class_list":{"0":"post-153","1":"page","2":"type-page","3":"status-publish","5":"entry"},"yoast_head":"<!-- This site is optimized with the Yoast SEO plugin v26.8 - https:\/\/yoast.com\/product\/yoast-seo-wordpress\/ -->\n<title>Contact with us about Tableau | NewDataLabS<\/title>\n<meta name=\"description\" content=\"Tableau has proven themselves in action among many users \u2013 find out more about Tableau, this can be very useful in your work! Contact with us!\" \/>\n<meta name=\"robots\" content=\"index, follow, max-snippet:-1, max-image-preview:large, max-video-preview:-1\" \/>\n<link rel=\"canonical\" href=\"https:\/\/newdatalabs.com\/en\/contact-with-us\/\" \/>\n<meta property=\"og:locale\" content=\"en_US\" \/>\n<meta property=\"og:type\" content=\"article\" \/>\n<meta property=\"og:title\" content=\"Contact with us about Tableau | NewDataLabS\" \/>\n<meta property=\"og:description\" content=\"Tableau has proven themselves in action among many users \u2013 find out more about Tableau, this can be very useful in your work! Contact with us!\" \/>\n<meta property=\"og:url\" content=\"https:\/\/newdatalabs.com\/en\/contact-with-us\/\" \/>\n<meta property=\"og:site_name\" content=\"NewDataLabs\" \/>\n<meta property=\"article:modified_time\" content=\"2025-12-09T18:28:52+00:00\" \/>\n<meta property=\"og:image\" content=\"https:\/\/newdatalabs.com\/wp-content\/uploads\/2015\/09\/contact_icon3.png\" \/>\n<meta name=\"twitter:card\" content=\"summary_large_image\" \/>\n<meta name=\"twitter:label1\" content=\"Est. reading time\" \/>\n\t<meta name=\"twitter:data1\" content=\"2 minutes\" \/>\n<script type=\"application\/ld+json\" class=\"yoast-schema-graph\">{\"@context\":\"https:\/\/schema.org\",\"@graph\":[{\"@type\":\"WebPage\",\"@id\":\"https:\/\/newdatalabs.com\/en\/contact-with-us\/\",\"url\":\"https:\/\/newdatalabs.com\/en\/contact-with-us\/\",\"name\":\"Contact with us about Tableau | NewDataLabS\",\"isPartOf\":{\"@id\":\"https:\/\/newdatalabs.com\/en\/#website\"},\"primaryImageOfPage\":{\"@id\":\"https:\/\/newdatalabs.com\/en\/contact-with-us\/#primaryimage\"},\"image\":{\"@id\":\"https:\/\/newdatalabs.com\/en\/contact-with-us\/#primaryimage\"},\"thumbnailUrl\":\"https:\/\/newdatalabs.com\/wp-content\/uploads\/2015\/09\/contact_icon3.png\",\"datePublished\":\"2019-08-31T07:57:27+00:00\",\"dateModified\":\"2025-12-09T18:28:52+00:00\",\"description\":\"Tableau has proven themselves in action among many users \u2013 find out more about Tableau, this can be very useful in your work! Contact with us!\",\"breadcrumb\":{\"@id\":\"https:\/\/newdatalabs.com\/en\/contact-with-us\/#breadcrumb\"},\"inLanguage\":\"en-US\",\"potentialAction\":[{\"@type\":\"ReadAction\",\"target\":[\"https:\/\/newdatalabs.com\/en\/contact-with-us\/\"]}]},{\"@type\":\"ImageObject\",\"inLanguage\":\"en-US\",\"@id\":\"https:\/\/newdatalabs.com\/en\/contact-with-us\/#primaryimage\",\"url\":\"https:\/\/newdatalabs.com\/wp-content\/uploads\/2015\/09\/contact_icon3.png\",\"contentUrl\":\"https:\/\/newdatalabs.com\/wp-content\/uploads\/2015\/09\/contact_icon3.png\"},{\"@type\":\"BreadcrumbList\",\"@id\":\"https:\/\/newdatalabs.com\/en\/contact-with-us\/#breadcrumb\",\"itemListElement\":[{\"@type\":\"ListItem\",\"position\":1,\"name\":\"Strona g\u0142\u00f3wna\",\"item\":\"https:\/\/newdatalabs.com\/en\/\"},{\"@type\":\"ListItem\",\"position\":2,\"name\":\"Contact with us\"}]},{\"@type\":\"WebSite\",\"@id\":\"https:\/\/newdatalabs.com\/en\/#website\",\"url\":\"https:\/\/newdatalabs.com\/en\/\",\"name\":\"NewDataLabs\",\"description\":\"Tableau - Business Intelligence Tools\",\"potentialAction\":[{\"@type\":\"SearchAction\",\"target\":{\"@type\":\"EntryPoint\",\"urlTemplate\":\"https:\/\/newdatalabs.com\/en\/?s={search_term_string}\"},\"query-input\":{\"@type\":\"PropertyValueSpecification\",\"valueRequired\":true,\"valueName\":\"search_term_string\"}}],\"inLanguage\":\"en-US\"}]}<\/script>\n<!-- \/ Yoast SEO plugin. -->","yoast_head_json":{"title":"Contact with us about Tableau | NewDataLabS","description":"Tableau has proven themselves in action among many users \u2013 find out more about Tableau, this can be very useful in your work! Contact with us!","robots":{"index":"index","follow":"follow","max-snippet":"max-snippet:-1","max-image-preview":"max-image-preview:large","max-video-preview":"max-video-preview:-1"},"canonical":"https:\/\/newdatalabs.com\/en\/contact-with-us\/","og_locale":"en_US","og_type":"article","og_title":"Contact with us about Tableau | NewDataLabS","og_description":"Tableau has proven themselves in action among many users \u2013 find out more about Tableau, this can be very useful in your work! Contact with us!","og_url":"https:\/\/newdatalabs.com\/en\/contact-with-us\/","og_site_name":"NewDataLabs","article_modified_time":"2025-12-09T18:28:52+00:00","og_image":[{"url":"https:\/\/newdatalabs.com\/wp-content\/uploads\/2015\/09\/contact_icon3.png","type":"","width":"","height":""}],"twitter_card":"summary_large_image","twitter_misc":{"Est. reading time":"2 minutes"},"schema":{"@context":"https:\/\/schema.org","@graph":[{"@type":"WebPage","@id":"https:\/\/newdatalabs.com\/en\/contact-with-us\/","url":"https:\/\/newdatalabs.com\/en\/contact-with-us\/","name":"Contact with us about Tableau | NewDataLabS","isPartOf":{"@id":"https:\/\/newdatalabs.com\/en\/#website"},"primaryImageOfPage":{"@id":"https:\/\/newdatalabs.com\/en\/contact-with-us\/#primaryimage"},"image":{"@id":"https:\/\/newdatalabs.com\/en\/contact-with-us\/#primaryimage"},"thumbnailUrl":"https:\/\/newdatalabs.com\/wp-content\/uploads\/2015\/09\/contact_icon3.png","datePublished":"2019-08-31T07:57:27+00:00","dateModified":"2025-12-09T18:28:52+00:00","description":"Tableau has proven themselves in action among many users \u2013 find out more about Tableau, this can be very useful in your work! Contact with us!","breadcrumb":{"@id":"https:\/\/newdatalabs.com\/en\/contact-with-us\/#breadcrumb"},"inLanguage":"en-US","potentialAction":[{"@type":"ReadAction","target":["https:\/\/newdatalabs.com\/en\/contact-with-us\/"]}]},{"@type":"ImageObject","inLanguage":"en-US","@id":"https:\/\/newdatalabs.com\/en\/contact-with-us\/#primaryimage","url":"https:\/\/newdatalabs.com\/wp-content\/uploads\/2015\/09\/contact_icon3.png","contentUrl":"https:\/\/newdatalabs.com\/wp-content\/uploads\/2015\/09\/contact_icon3.png"},{"@type":"BreadcrumbList","@id":"https:\/\/newdatalabs.com\/en\/contact-with-us\/#breadcrumb","itemListElement":[{"@type":"ListItem","position":1,"name":"Strona g\u0142\u00f3wna","item":"https:\/\/newdatalabs.com\/en\/"},{"@type":"ListItem","position":2,"name":"Contact with us"}]},{"@type":"WebSite","@id":"https:\/\/newdatalabs.com\/en\/#website","url":"https:\/\/newdatalabs.com\/en\/","name":"NewDataLabs","description":"Tableau - Business Intelligence Tools","potentialAction":[{"@type":"SearchAction","target":{"@type":"EntryPoint","urlTemplate":"https:\/\/newdatalabs.com\/en\/?s={search_term_string}"},"query-input":{"@type":"PropertyValueSpecification","valueRequired":true,"valueName":"search_term_string"}}],"inLanguage":"en-US"}]}},"_links":{"self":[{"href":"https:\/\/newdatalabs.com\/en\/wp-json\/wp\/v2\/pages\/153","targetHints":{"allow":["GET"]}}],"collection":[{"href":"https:\/\/newdatalabs.com\/en\/wp-json\/wp\/v2\/pages"}],"about":[{"href":"https:\/\/newdatalabs.com\/en\/wp-json\/wp\/v2\/types\/page"}],"author":[{"embeddable":true,"href":"https:\/\/newdatalabs.com\/en\/wp-json\/wp\/v2\/users\/1"}],"replies":[{"embeddable":true,"href":"https:\/\/newdatalabs.com\/en\/wp-json\/wp\/v2\/comments?post=153"}],"version-history":[{"count":22,"href":"https:\/\/newdatalabs.com\/en\/wp-json\/wp\/v2\/pages\/153\/revisions"}],"predecessor-version":[{"id":3685,"href":"https:\/\/newdatalabs.com\/en\/wp-json\/wp\/v2\/pages\/153\/revisions\/3685"}],"wp:attachment":[{"href":"https:\/\/newdatalabs.com\/en\/wp-json\/wp\/v2\/media?parent=153"}],"curies":[{"name":"wp","href":"https:\/\/api.w.org\/{rel}","templated":true}]}}