{"id":565,"date":"2020-10-27T17:53:10","date_gmt":"2020-10-27T16:53:10","guid":{"rendered":"https:\/\/newdatalabs.com\/en\/?page_id=565"},"modified":"2024-04-15T19:07:05","modified_gmt":"2024-04-15T17:07:05","slug":"tableau-desktop","status":"publish","type":"page","link":"https:\/\/newdatalabs.com\/en\/tableau-desktop\/","title":{"rendered":"Tableau Desktop"},"content":{"rendered":"\n<section class=\"desktop-opis_1\">\n<div class=\"wrap_in\"> \n<div class=\"first one-half\"> \n<h1>Tableau Desktop<\/h1>\n<span>Changes the way of thinking about data.<\/span><br><br>\n<a class=\"desktop-opis-button1\" href=\"https:\/\/newdatalabs.com\/en\/download-free-trial-tableau-desktop\/\" target=\"_blank\" rel=\"noopener noreferrer\">Download Tableau<\/a> <a class=\"desktop-opis-button2\" href=\"https:\/\/newdatalabs.com\/en\/tableau-training-courses\/\" target=\"_blank\" rel=\"noopener noreferrer\">Tableau Training<\/a> \n<\/div>\n<\/section> \n<section class=\"desktop-opis_2\">\n<div class=\"wrap_in\"> \n<h2 class=\"desktop-opis_title\"><span class=\"bold_title_\">Tableau Desktop<\/span> capabilities<\/h2> \n<div class=\"desktop-opis-outer\">\n<div class=\"first one-half\"><img decoding=\"async\" class=\"desktop-opis-icon lazyload\" data-src=\"https:\/\/newdatalabs.com\/en\/wp-content\/uploads\/2020\/10\/ik1.png\" src=\"data:image\/svg+xml;base64,PHN2ZyB3aWR0aD0iMSIgaGVpZ2h0PSIxIiB4bWxucz0iaHR0cDovL3d3dy53My5vcmcvMjAwMC9zdmciPjwvc3ZnPg==\" style=\"--smush-placeholder-width: 56px; --smush-placeholder-aspect-ratio: 56\/57;\"> <h3>Quick analytics<\/h3> <br><span>With Tableau Desktop and built-in VizQL technology, you can easily get answers to your questions and unique visualizations of your data in minutes. Ask new questions about data, notice trends, identify opportunities and make decisions based on data.<\/span> <\/div> \n<div class=\"one-half\"><img decoding=\"async\" class=\"desktop-opis-graphic lazyload\" data-src=\"https:\/\/newdatalabs.com\/en\/wp-content\/uploads\/2020\/10\/ezgif.com-video-to-gif.gif\" src=\"data:image\/svg+xml;base64,PHN2ZyB3aWR0aD0iMSIgaGVpZ2h0PSIxIiB4bWxucz0iaHR0cDovL3d3dy53My5vcmcvMjAwMC9zdmciPjwvc3ZnPg==\" style=\"--smush-placeholder-width: 400px; --smush-placeholder-aspect-ratio: 400\/214;\"><\/div> \n<\/div>\n<div class=\"desktop-opis-outer\">\n<div class=\"first one-half\"><img decoding=\"async\" class=\"desktop-opis-graphic lazyload\" data-src=\"https:\/\/newdatalabs.com\/en\/wp-content\/uploads\/2020\/10\/desktop_2_.jpg\" src=\"data:image\/svg+xml;base64,PHN2ZyB3aWR0aD0iMSIgaGVpZ2h0PSIxIiB4bWxucz0iaHR0cDovL3d3dy53My5vcmcvMjAwMC9zdmciPjwvc3ZnPg==\" style=\"--smush-placeholder-width: 400px; --smush-placeholder-aspect-ratio: 400\/215;\"><\/div> \n<div class=\"one-half\"><img decoding=\"async\" class=\"desktop-opis-icon lazyload\" data-src=\"https:\/\/newdatalabs.com\/en\/wp-content\/uploads\/2020\/10\/ik2.png\" src=\"data:image\/svg+xml;base64,PHN2ZyB3aWR0aD0iMSIgaGVpZ2h0PSIxIiB4bWxucz0iaHR0cDovL3d3dy53My5vcmcvMjAwMC9zdmciPjwvc3ZnPg==\" style=\"--smush-placeholder-width: 56px; --smush-placeholder-aspect-ratio: 56\/57;\"> <h3>Big Data &#8211; current data<\/h3> <br><span>Connect to data in live or cloud mode. Tableau connects directly to most databases and spreadsheets and offers a fast in-memory database engine to speed up analysis. Combining Tableau with any data and analyzing it is a matter of a few clicks. \n<br>\n<img decoding=\"async\" data-src=\"https:\/\/newdatalabs.com\/en\/wp-content\/uploads\/2020\/10\/zrodla_danych.png\" src=\"data:image\/svg+xml;base64,PHN2ZyB3aWR0aD0iMSIgaGVpZ2h0PSIxIiB4bWxucz0iaHR0cDovL3d3dy53My5vcmcvMjAwMC9zdmciPjwvc3ZnPg==\" class=\"lazyload\" style=\"--smush-placeholder-width: 503px; --smush-placeholder-aspect-ratio: 503\/44;\"><br> \n. . . and much more. See all <a href=\"https:\/\/newdatalabs.com\/en\/wp-content\/uploads\/2020\/10\/zrodla-danych-w-tableau.png\" target=\"_blank\" rel=\"noopener noreferrer\">data sources in Tableau ><\/a> <br><br><\/span><\/div> \n<\/div> \n<div class=\"desktop-opis-outer\">\n<div class=\"first one-half\"><img decoding=\"async\" class=\"desktop-opis-icon lazyload\" data-src=\"https:\/\/newdatalabs.com\/en\/wp-content\/uploads\/2020\/10\/ik3_.png\" src=\"data:image\/svg+xml;base64,PHN2ZyB3aWR0aD0iMSIgaGVpZ2h0PSIxIiB4bWxucz0iaHR0cDovL3d3dy53My5vcmcvMjAwMC9zdmciPjwvc3ZnPg==\" style=\"--smush-placeholder-width: 56px; --smush-placeholder-aspect-ratio: 56\/57;\"> <h3>Ease of use<\/h3> <br><span>Creating visuals and desktops does not require programming. The DATA DISCOVERY approach allows to work with data on your own and perform even very complex analyses without extensive IT knowledge. <\/span><\/div> \n<div class=\"one-half\"><img decoding=\"async\" class=\"desktop-opis-graphic lazyload\" data-src=\"https:\/\/newdatalabs.com\/en\/wp-content\/uploads\/2020\/10\/desktop_3_.jpg\" src=\"data:image\/svg+xml;base64,PHN2ZyB3aWR0aD0iMSIgaGVpZ2h0PSIxIiB4bWxucz0iaHR0cDovL3d3dy53My5vcmcvMjAwMC9zdmciPjwvc3ZnPg==\" style=\"--smush-placeholder-width: 400px; --smush-placeholder-aspect-ratio: 400\/215;\"><\/div> \n<\/div> \n<div class=\"desktop-opis-outer \"> \n<div class=\"first one-half\"><img decoding=\"async\" class=\"desktop-opis-graphic desktop-opis-last lazyload\" data-src=\"https:\/\/newdatalabs.com\/en\/wp-content\/uploads\/2020\/10\/desktop_4_.jpg\" src=\"data:image\/svg+xml;base64,PHN2ZyB3aWR0aD0iMSIgaGVpZ2h0PSIxIiB4bWxucz0iaHR0cDovL3d3dy53My5vcmcvMjAwMC9zdmciPjwvc3ZnPg==\" style=\"--smush-placeholder-width: 400px; --smush-placeholder-aspect-ratio: 400\/215;\"><\/div> \n<div class=\"one-half\"><img decoding=\"async\" class=\"desktop-opis-icon lazyload\" data-src=\"https:\/\/newdatalabs.com\/en\/wp-content\/uploads\/2020\/10\/ik4.png\" src=\"data:image\/svg+xml;base64,PHN2ZyB3aWR0aD0iMSIgaGVpZ2h0PSIxIiB4bWxucz0iaHR0cDovL3d3dy53My5vcmcvMjAwMC9zdmciPjwvc3ZnPg==\" style=\"--smush-placeholder-width: 56px; --smush-placeholder-aspect-ratio: 56\/57;\"> <h3>Easy sharing<\/h3> <br><span>Work with your data as you need to. With Tableau, you can safely view your data through your browser, computer, mobile phone or through Embedded Analytics in any application or website. The end user receives the analysis in an interactive form &#8211; with the possibility of easy filtering and data mining. <\/span> <\/div> \n<\/div> \n\n<\/div>\n<\/section> \n<section class=\"desktop-opis_3\">\n<div class=\"wrap_in\"> \n<h2 class=\"desktop-opis_title\">Download the free version of <span class=\"bold_title_\">Tableau Desktop <\/span><\/span><\/h2> \n<div class=\"first one-half\">Quickly create insightful analyses based on the data you work with.\n   <br><br>\nWhat is Tableau? <br>\n<a style=\"background: #2c77ff; border: 1px solid #2c77ff;\" class=\"desktop-opis-button1\" href=\"https:\/\/newdatalabs.com\/en\/what-is-tableau\/\">Find out more ><\/a> \n<br><br>\n<strong>Try it for free for 14 days. <\/strong><br>\n<a class=\"desktop-opis-button1\" href=\"https:\/\/newdatalabs.com\/en\/download-free-trial-tableau-desktop\/\" target=\"_blank\" rel=\"noopener noreferrer\">Download Tableau<\/a> <\/div> \n<div class=\"one-half\"><img decoding=\"async\" data-src=\"https:\/\/newdatalabs.com\/en\/wp-content\/uploads\/2020\/10\/tableau-desktop__.png\" src=\"data:image\/svg+xml;base64,PHN2ZyB3aWR0aD0iMSIgaGVpZ2h0PSIxIiB4bWxucz0iaHR0cDovL3d3dy53My5vcmcvMjAwMC9zdmciPjwvc3ZnPg==\" class=\"lazyload\" style=\"--smush-placeholder-width: 460px; --smush-placeholder-aspect-ratio: 460\/308;\"><\/div> \n<\/div>\n<\/section> \n<section class=\"desktop-opis_4\">\n<div class=\"wrap_in\"> \n<h2 class=\"desktop-opis_title\">Tableau helps you turn your data into insights that make <span class=\"bold_title_\">decision-making easier<\/span><\/h2> \n<div class=\"first one-third\">\n<img decoding=\"async\" data-src=\"https:\/\/newdatalabs.com\/en\/wp-content\/uploads\/2020\/11\/additions.jpg\" src=\"data:image\/svg+xml;base64,PHN2ZyB3aWR0aD0iMSIgaGVpZ2h0PSIxIiB4bWxucz0iaHR0cDovL3d3dy53My5vcmcvMjAwMC9zdmciPjwvc3ZnPg==\" class=\"lazyload\" style=\"--smush-placeholder-width: 54px; --smush-placeholder-aspect-ratio: 54\/52;\">\n<h3>Additions to Tableau<\/h3> \n<span class=\"desktop-opis-border\"><a href=\"https:\/\/newdatalabs.com\/en\/additions-to-tableau\/\" target=\"_blank\" rel=\"noopener noreferrer\">See more <img decoding=\"async\" data-src=\"https:\/\/newdatalabs.com\/en\/wp-content\/uploads\/2020\/10\/arrow.png\" src=\"data:image\/svg+xml;base64,PHN2ZyB3aWR0aD0iMSIgaGVpZ2h0PSIxIiB4bWxucz0iaHR0cDovL3d3dy53My5vcmcvMjAwMC9zdmciPjwvc3ZnPg==\" class=\"lazyload\" style=\"--smush-placeholder-width: 22px; --smush-placeholder-aspect-ratio: 22\/19;\"><\/a><\/span> \n<span class=\"desktop-opis-text\">Utilising our long experience we have managed to develop additions for Tableau that are helpful in everyday work<\/span>\t<br>\n<a class=\"desktop-opis-button1\" href=\"https:\/\/newdatalabs.com\/en\/additions-to-tableau\/\" target=\"_blank\" rel=\"noopener noreferrer\">Find out more ><\/a> \n<\/div> \n\n<div class=\"one-third desktop-opis-col\">\n<img decoding=\"async\" data-src=\"https:\/\/newdatalabs.com\/en\/wp-content\/uploads\/2020\/10\/2ik_.png\" src=\"data:image\/svg+xml;base64,PHN2ZyB3aWR0aD0iMSIgaGVpZ2h0PSIxIiB4bWxucz0iaHR0cDovL3d3dy53My5vcmcvMjAwMC9zdmciPjwvc3ZnPg==\" class=\"lazyload\" style=\"--smush-placeholder-width: 54px; --smush-placeholder-aspect-ratio: 54\/52;\">\n<h3>Training courses<\/h3> \n<span class=\"desktop-opis-border\"><a href=\"https:\/\/newdatalabs.com\/en\/tableau-training-courses\/\" target=\"_blank\" rel=\"noopener noreferrer\">Explore the trainings <img decoding=\"async\" data-src=\"https:\/\/newdatalabs.com\/en\/wp-content\/uploads\/2020\/10\/arrow.png\" src=\"data:image\/svg+xml;base64,PHN2ZyB3aWR0aD0iMSIgaGVpZ2h0PSIxIiB4bWxucz0iaHR0cDovL3d3dy53My5vcmcvMjAwMC9zdmciPjwvc3ZnPg==\" class=\"lazyload\" style=\"--smush-placeholder-width: 22px; --smush-placeholder-aspect-ratio: 22\/19;\"><\/a><\/span> \n<span class=\"desktop-opis-text\">Our workshops are conducted by certified consultants<\/span> <br>\n<a class=\"desktop-opis-button1\" href=\"https:\/\/newdatalabs.com\/en\/tableau-training-courses\/\" target=\"_blank\" rel=\"noopener noreferrer\">Find out more ><\/a>\n<\/div> \n\n<div class=\"one-third last-col\">\n<img decoding=\"async\" data-src=\"https:\/\/newdatalabs.com\/en\/wp-content\/uploads\/2020\/10\/3ik_.png\" src=\"data:image\/svg+xml;base64,PHN2ZyB3aWR0aD0iMSIgaGVpZ2h0PSIxIiB4bWxucz0iaHR0cDovL3d3dy53My5vcmcvMjAwMC9zdmciPjwvc3ZnPg==\" class=\"lazyload\" style=\"--smush-placeholder-width: 54px; --smush-placeholder-aspect-ratio: 54\/52;\">\n<h3>Support<\/h3> \n<span class=\"desktop-opis-border\"><a href=\"https:\/\/newdatalabs.com\/en\/tableau-operational-assistance\/\" target=\"_blank\" rel=\"noopener noreferrer\">Offer <img decoding=\"async\" data-src=\"https:\/\/newdatalabs.com\/en\/wp-content\/uploads\/2020\/10\/arrow.png\" src=\"data:image\/svg+xml;base64,PHN2ZyB3aWR0aD0iMSIgaGVpZ2h0PSIxIiB4bWxucz0iaHR0cDovL3d3dy53My5vcmcvMjAwMC9zdmciPjwvc3ZnPg==\" class=\"lazyload\" style=\"--smush-placeholder-width: 22px; --smush-placeholder-aspect-ratio: 22\/19;\"><\/a><\/span> \n<span class=\"desktop-opis-text\">We offer post-implementation support<\/span> <br> \n<a class=\"desktop-opis-button1\" href=\"https:\/\/newdatalabs.com\/en\/tableau-operational-assistance\/\" target=\"_blank\" rel=\"noopener noreferrer\">Find out more ><\/a>\n<\/div> \n<\/div>\n<\/section> \n<section style=\"display: none;\" class=\"desktop-opis_5\">\n<div class=\"wrap_in\"> \n<h2 class=\"desktop-opis_title\">Find out more about <span class=\"bold_title_\">Tableau<\/span><\/h2> \n<div class=\"first one-third\">\n<a href=\"\" target=\"_blank\" rel=\"noopener noreferrer\"><img decoding=\"async\" data-src=\"https:\/\/newdatalabs.com\/wp-content\/uploads\/2020\/10\/blog_1.jpg\" src=\"data:image\/svg+xml;base64,PHN2ZyB3aWR0aD0iMSIgaGVpZ2h0PSIxIiB4bWxucz0iaHR0cDovL3d3dy53My5vcmcvMjAwMC9zdmciPjwvc3ZnPg==\" class=\"lazyload\">Wizualizacje danych na mapach <br>\u2013 przegl\u0105daj informacje w Tableau <\/a> \n<\/div>\n<div class=\"one-third\"><a href=\"\" target=\"_blank\" rel=\"noopener noreferrer\"><img decoding=\"async\" data-src=\"https:\/\/newdatalabs.com\/wp-content\/uploads\/2020\/10\/blog_2.jpg\" src=\"data:image\/svg+xml;base64,PHN2ZyB3aWR0aD0iMSIgaGVpZ2h0PSIxIiB4bWxucz0iaHR0cDovL3d3dy53My5vcmcvMjAwMC9zdmciPjwvc3ZnPg==\" class=\"lazyload\">Od og\u00f3\u0142u do szczeg\u00f3\u0142u, <br>czyli jak zobaczy\u0107 wi\u0119cej <\/a> <\/div> \n<div class=\"one-third\"><a href=\"\" target=\"_blank\" rel=\"noopener noreferrer\"><img decoding=\"async\" data-src=\"https:\/\/newdatalabs.com\/wp-content\/uploads\/2020\/10\/blog_3.jpg\" src=\"data:image\/svg+xml;base64,PHN2ZyB3aWR0aD0iMSIgaGVpZ2h0PSIxIiB4bWxucz0iaHR0cDovL3d3dy53My5vcmcvMjAwMC9zdmciPjwvc3ZnPg==\" class=\"lazyload\">Profesjonalny dashboard \nw Tableau <\/a> <\/div> \n<\/div>\n<\/section> \n\n<section style=\"border-top: 1px solid #e1e1e1;\" class=\"desktop-opis_6\">\n<div class=\"wrap_in\"> \n<h2 class=\"desktop-opis_title\">Contact with us<\/h2> \n<div class=\"first one-half kontakt_desktop-opis\">\n<a href=\"https:\/\/newdatalabs.com\/en\/\" target=\"_blank\" rel=\"noopener noreferrer\"><img decoding=\"async\" data-src=\"https:\/\/newdatalabs.com\/en\/wp-content\/uploads\/2023\/12\/logo_Newdatalabs_en.svg\" alt=\"logo Newdatalabs\" src=\"data:image\/svg+xml;base64,PHN2ZyB3aWR0aD0iMSIgaGVpZ2h0PSIxIiB4bWxucz0iaHR0cDovL3d3dy53My5vcmcvMjAwMC9zdmciPjwvc3ZnPg==\" class=\"lazyload\"><\/a><br><br>\n<div class=\"kontakt\"><a href=\"mailto:kontakt@newdatalabs.com\">kontakt@newdatalabs.com<\/a> <img decoding=\"async\" data-src=\"https:\/\/newdatalabs.com\/en\/wp-content\/uploads\/2020\/10\/contact_icon3.png\" alt=\"email\" src=\"data:image\/svg+xml;base64,PHN2ZyB3aWR0aD0iMSIgaGVpZ2h0PSIxIiB4bWxucz0iaHR0cDovL3d3dy53My5vcmcvMjAwMC9zdmciPjwvc3ZnPg==\" class=\"lazyload\" style=\"--smush-placeholder-width: 31px; --smush-placeholder-aspect-ratio: 31\/31;\" \/> <\/div>\n<div class=\"kontakt starting9-kontakt2\"><a style=\"font-weight: 300; color: inherit; text-decoration: none;\" href=\"tel:+48 781648194\">781 648 194<\/a>  <img decoding=\"async\" data-src=\"https:\/\/newdatalabs.com\/en\/wp-content\/uploads\/2020\/10\/contact_icon2.png\" alt=\"telephone\" src=\"data:image\/svg+xml;base64,PHN2ZyB3aWR0aD0iMSIgaGVpZ2h0PSIxIiB4bWxucz0iaHR0cDovL3d3dy53My5vcmcvMjAwMC9zdmciPjwvc3ZnPg==\" class=\"lazyload\" style=\"--smush-placeholder-width: 31px; --smush-placeholder-aspect-ratio: 31\/31;\" \/><\/div>\n<\/div>\n<div class=\"one-half desktop-opis_kontakt_form\">\n<iframe data-src=\"https:\/\/go.newdatalabs.com\/l\/1024551\/2024-03-27\/q5pf\" width=\"100%\" height=\"725\" type=\"text\/html\" frameborder=\"0\" allowtransparency=\"true\" style=\"border: 0\" src=\"data:image\/svg+xml;base64,PHN2ZyB3aWR0aD0iMSIgaGVpZ2h0PSIxIiB4bWxucz0iaHR0cDovL3d3dy53My5vcmcvMjAwMC9zdmciPjwvc3ZnPg==\" class=\"lazyload\" data-load-mode=\"1\"><\/iframe> <\/div>\n<\/div>\n<\/div> \n<\/section>\n","protected":false},"excerpt":{"rendered":"<p>Tableau Desktop Changes the way of thinking about data. Download Tableau Tableau Training Tableau Desktop capabilities Quick analytics With Tableau Desktop and built-in VizQL technology, you can easily get answers to your questions and unique visualizations of your data in minutes. Ask new questions about data, notice trends, identify opportunities and make decisions based on [&hellip;]<\/p>\n","protected":false},"author":1,"featured_media":0,"parent":0,"menu_order":0,"comment_status":"closed","ping_status":"closed","template":"","meta":{"inline_featured_image":false,"_genesis_hide_title":false,"_genesis_hide_breadcrumbs":false,"_genesis_hide_singular_image":false,"_genesis_hide_footer_widgets":false,"_genesis_custom_body_class":"","_genesis_custom_post_class":"","_genesis_layout":"full-width-content","footnotes":""},"class_list":{"0":"post-565","1":"page","2":"type-page","3":"status-publish","5":"entry"},"yoast_head":"<!-- This site is optimized with the Yoast SEO plugin v26.8 - https:\/\/yoast.com\/product\/yoast-seo-wordpress\/ -->\n<title>Explore the possibilities of Tableau Desktop | NewDataLabS<\/title>\n<meta name=\"description\" content=\"Explore the possibilities of Tableau Desktop. Get actionable insights fast, connect to more data, answer deeper questions.\" \/>\n<meta name=\"robots\" content=\"index, follow, max-snippet:-1, max-image-preview:large, max-video-preview:-1\" \/>\n<link rel=\"canonical\" href=\"https:\/\/newdatalabs.com\/en\/tableau-desktop\/\" \/>\n<meta property=\"og:locale\" content=\"en_US\" \/>\n<meta property=\"og:type\" content=\"article\" \/>\n<meta property=\"og:title\" content=\"Explore the possibilities of Tableau Desktop | NewDataLabS\" \/>\n<meta property=\"og:description\" content=\"Explore the possibilities of Tableau Desktop. Get actionable insights fast, connect to more data, answer deeper questions.\" \/>\n<meta property=\"og:url\" content=\"https:\/\/newdatalabs.com\/en\/tableau-desktop\/\" \/>\n<meta property=\"og:site_name\" content=\"NewDataLabs\" \/>\n<meta property=\"article:modified_time\" content=\"2024-04-15T17:07:05+00:00\" \/>\n<meta property=\"og:image\" content=\"https:\/\/newdatalabs.com\/en\/wp-content\/uploads\/2020\/10\/ik1.png\" \/>\n<meta name=\"twitter:card\" content=\"summary_large_image\" \/>\n<meta name=\"twitter:label1\" content=\"Est. reading time\" \/>\n\t<meta name=\"twitter:data1\" content=\"8 minutes\" \/>\n<script type=\"application\/ld+json\" class=\"yoast-schema-graph\">{\"@context\":\"https:\/\/schema.org\",\"@graph\":[{\"@type\":\"WebPage\",\"@id\":\"https:\/\/newdatalabs.com\/en\/tableau-desktop\/\",\"url\":\"https:\/\/newdatalabs.com\/en\/tableau-desktop\/\",\"name\":\"Explore the possibilities of Tableau Desktop | NewDataLabS\",\"isPartOf\":{\"@id\":\"https:\/\/newdatalabs.com\/en\/#website\"},\"primaryImageOfPage\":{\"@id\":\"https:\/\/newdatalabs.com\/en\/tableau-desktop\/#primaryimage\"},\"image\":{\"@id\":\"https:\/\/newdatalabs.com\/en\/tableau-desktop\/#primaryimage\"},\"thumbnailUrl\":\"https:\/\/newdatalabs.com\/en\/wp-content\/uploads\/2020\/10\/ik1.png\",\"datePublished\":\"2020-10-27T16:53:10+00:00\",\"dateModified\":\"2024-04-15T17:07:05+00:00\",\"description\":\"Explore the possibilities of Tableau Desktop. Get actionable insights fast, connect to more data, answer deeper questions.\",\"breadcrumb\":{\"@id\":\"https:\/\/newdatalabs.com\/en\/tableau-desktop\/#breadcrumb\"},\"inLanguage\":\"en-US\",\"potentialAction\":[{\"@type\":\"ReadAction\",\"target\":[\"https:\/\/newdatalabs.com\/en\/tableau-desktop\/\"]}]},{\"@type\":\"ImageObject\",\"inLanguage\":\"en-US\",\"@id\":\"https:\/\/newdatalabs.com\/en\/tableau-desktop\/#primaryimage\",\"url\":\"https:\/\/newdatalabs.com\/en\/wp-content\/uploads\/2020\/10\/ik1.png\",\"contentUrl\":\"https:\/\/newdatalabs.com\/en\/wp-content\/uploads\/2020\/10\/ik1.png\",\"width\":56,\"height\":57},{\"@type\":\"BreadcrumbList\",\"@id\":\"https:\/\/newdatalabs.com\/en\/tableau-desktop\/#breadcrumb\",\"itemListElement\":[{\"@type\":\"ListItem\",\"position\":1,\"name\":\"Strona g\u0142\u00f3wna\",\"item\":\"https:\/\/newdatalabs.com\/en\/\"},{\"@type\":\"ListItem\",\"position\":2,\"name\":\"Tableau Desktop\"}]},{\"@type\":\"WebSite\",\"@id\":\"https:\/\/newdatalabs.com\/en\/#website\",\"url\":\"https:\/\/newdatalabs.com\/en\/\",\"name\":\"NewDataLabs\",\"description\":\"Tableau - Business Intelligence Tools\",\"potentialAction\":[{\"@type\":\"SearchAction\",\"target\":{\"@type\":\"EntryPoint\",\"urlTemplate\":\"https:\/\/newdatalabs.com\/en\/?s={search_term_string}\"},\"query-input\":{\"@type\":\"PropertyValueSpecification\",\"valueRequired\":true,\"valueName\":\"search_term_string\"}}],\"inLanguage\":\"en-US\"}]}<\/script>\n<!-- \/ Yoast SEO plugin. -->","yoast_head_json":{"title":"Explore the possibilities of Tableau Desktop | NewDataLabS","description":"Explore the possibilities of Tableau Desktop. Get actionable insights fast, connect to more data, answer deeper questions.","robots":{"index":"index","follow":"follow","max-snippet":"max-snippet:-1","max-image-preview":"max-image-preview:large","max-video-preview":"max-video-preview:-1"},"canonical":"https:\/\/newdatalabs.com\/en\/tableau-desktop\/","og_locale":"en_US","og_type":"article","og_title":"Explore the possibilities of Tableau Desktop | NewDataLabS","og_description":"Explore the possibilities of Tableau Desktop. Get actionable insights fast, connect to more data, answer deeper questions.","og_url":"https:\/\/newdatalabs.com\/en\/tableau-desktop\/","og_site_name":"NewDataLabs","article_modified_time":"2024-04-15T17:07:05+00:00","og_image":[{"url":"https:\/\/newdatalabs.com\/en\/wp-content\/uploads\/2020\/10\/ik1.png","type":"","width":"","height":""}],"twitter_card":"summary_large_image","twitter_misc":{"Est. reading time":"8 minutes"},"schema":{"@context":"https:\/\/schema.org","@graph":[{"@type":"WebPage","@id":"https:\/\/newdatalabs.com\/en\/tableau-desktop\/","url":"https:\/\/newdatalabs.com\/en\/tableau-desktop\/","name":"Explore the possibilities of Tableau Desktop | NewDataLabS","isPartOf":{"@id":"https:\/\/newdatalabs.com\/en\/#website"},"primaryImageOfPage":{"@id":"https:\/\/newdatalabs.com\/en\/tableau-desktop\/#primaryimage"},"image":{"@id":"https:\/\/newdatalabs.com\/en\/tableau-desktop\/#primaryimage"},"thumbnailUrl":"https:\/\/newdatalabs.com\/en\/wp-content\/uploads\/2020\/10\/ik1.png","datePublished":"2020-10-27T16:53:10+00:00","dateModified":"2024-04-15T17:07:05+00:00","description":"Explore the possibilities of Tableau Desktop. Get actionable insights fast, connect to more data, answer deeper questions.","breadcrumb":{"@id":"https:\/\/newdatalabs.com\/en\/tableau-desktop\/#breadcrumb"},"inLanguage":"en-US","potentialAction":[{"@type":"ReadAction","target":["https:\/\/newdatalabs.com\/en\/tableau-desktop\/"]}]},{"@type":"ImageObject","inLanguage":"en-US","@id":"https:\/\/newdatalabs.com\/en\/tableau-desktop\/#primaryimage","url":"https:\/\/newdatalabs.com\/en\/wp-content\/uploads\/2020\/10\/ik1.png","contentUrl":"https:\/\/newdatalabs.com\/en\/wp-content\/uploads\/2020\/10\/ik1.png","width":56,"height":57},{"@type":"BreadcrumbList","@id":"https:\/\/newdatalabs.com\/en\/tableau-desktop\/#breadcrumb","itemListElement":[{"@type":"ListItem","position":1,"name":"Strona g\u0142\u00f3wna","item":"https:\/\/newdatalabs.com\/en\/"},{"@type":"ListItem","position":2,"name":"Tableau Desktop"}]},{"@type":"WebSite","@id":"https:\/\/newdatalabs.com\/en\/#website","url":"https:\/\/newdatalabs.com\/en\/","name":"NewDataLabs","description":"Tableau - Business Intelligence Tools","potentialAction":[{"@type":"SearchAction","target":{"@type":"EntryPoint","urlTemplate":"https:\/\/newdatalabs.com\/en\/?s={search_term_string}"},"query-input":{"@type":"PropertyValueSpecification","valueRequired":true,"valueName":"search_term_string"}}],"inLanguage":"en-US"}]}},"_links":{"self":[{"href":"https:\/\/newdatalabs.com\/en\/wp-json\/wp\/v2\/pages\/565","targetHints":{"allow":["GET"]}}],"collection":[{"href":"https:\/\/newdatalabs.com\/en\/wp-json\/wp\/v2\/pages"}],"about":[{"href":"https:\/\/newdatalabs.com\/en\/wp-json\/wp\/v2\/types\/page"}],"author":[{"embeddable":true,"href":"https:\/\/newdatalabs.com\/en\/wp-json\/wp\/v2\/users\/1"}],"replies":[{"embeddable":true,"href":"https:\/\/newdatalabs.com\/en\/wp-json\/wp\/v2\/comments?post=565"}],"version-history":[{"count":33,"href":"https:\/\/newdatalabs.com\/en\/wp-json\/wp\/v2\/pages\/565\/revisions"}],"predecessor-version":[{"id":3338,"href":"https:\/\/newdatalabs.com\/en\/wp-json\/wp\/v2\/pages\/565\/revisions\/3338"}],"wp:attachment":[{"href":"https:\/\/newdatalabs.com\/en\/wp-json\/wp\/v2\/media?parent=565"}],"curies":[{"name":"wp","href":"https:\/\/api.w.org\/{rel}","templated":true}]}}